{"id":9692,"date":"2020-08-26T13:06:31","date_gmt":"2020-08-26T13:06:31","guid":{"rendered":"https:\/\/dentalaltamonte.com\/why-choose-us\/"},"modified":"2026-04-01T12:27:12","modified_gmt":"2026-04-01T16:27:12","slug":"why-choose-us","status":"publish","type":"page","link":"https:\/\/dentalaltamonte.com\/es\/why-choose-us\/","title":{"rendered":"Por qu\u00e9 elegirnos"},"content":{"rendered":"<div id=\"cs-content\" class=\"cs-content\"><div class=\"x-section e9692-e1 m7h8-0 m7h8-1 m7h8-2 m7h8-3 m7h8-a hero_video\"><div class=\"x-bg\"><div class=\"x-bg-layer-lower-img\"><img sizes=\"(max-width: 1300px) 100vw, 1300px\" srcset=\"https:\/\/dentalaltamonte.com\/wp-content\/uploads\/sites\/18\/2021\/04\/HDC_WhyChooseHero.jpg 1300w, https:\/\/dentalaltamonte.com\/wp-content\/uploads\/sites\/18\/2021\/04\/HDC_WhyChooseHero-300x208.jpg 300w, https:\/\/dentalaltamonte.com\/wp-content\/uploads\/sites\/18\/2021\/04\/HDC_WhyChooseHero-1024x709.jpg 1024w, https:\/\/dentalaltamonte.com\/wp-content\/uploads\/sites\/18\/2021\/04\/HDC_WhyChooseHero-768x532.jpg 768w, https:\/\/dentalaltamonte.com\/wp-content\/uploads\/sites\/18\/2021\/04\/HDC_WhyChooseHero-18x12.jpg 18w, https:\/\/dentalaltamonte.com\/wp-content\/uploads\/sites\/18\/2021\/04\/HDC_WhyChooseHero-100x69.jpg 100w\" decoding=\"async\" src=\"\/wp-content\/uploads\/2021\/04\/HDC_WhyChooseHero.jpg\" alt=\"A young girl kisses an elderly man on the cheek at an outdoor family gathering, with other people sitting around a table set with food and drinks in a garden.\"\/><\/div><div class=\"x-bg-layer-upper-color\" aria-hidden=\"true\"><\/div><\/div><div class=\"x-row x-container max width e9692-e2 m7h8-b m7h8-c m7h8-d m7h8-l m7h8-m\"><div class=\"x-row-inner\"><div class=\"x-col e9692-e3 m7h8-t m7h8-u m7h8-v m7h8-w m7h8-x m7h8-y\"><div class=\"x-div e9692-e4 m7h8-16\"><div class=\"x-text x-content e9692-e5 m7h8-17 m7h8-18 m7h8-19 m7h8-1a m7h8-1b m7h8-1c m7h8-1d m7h8-1e m7h8-1f\"><p class=\"p9px txt_white\">Se Habla Espa\u00f1ol<\/p><\/div><div class=\"x-text x-content e9692-e6 m7h8-17 m7h8-18 m7h8-19 m7h8-1a m7h8-1b m7h8-1c m7h8-1d m7h8-1e m7h8-1f\"><p class=\"p9px txt_white\">Citas de urgencia disponibles<\/p><\/div><\/div><div class=\"x-text x-content e9692-e7 m7h8-17 m7h8-18 m7h8-1a m7h8-1c m7h8-1d m7h8-1f m7h8-1g\"><a class=\"x-image\" href=\"\/es\/homepage\/\" style=\"outline: none;\"><img sizes=\"(max-width: 960px) 100vw, 960px\" srcset=\"https:\/\/dentalaltamonte.com\/wp-content\/uploads\/sites\/18\/2025\/10\/GPI-0128-001_PSD_White_960x233.png 960w, https:\/\/dentalaltamonte.com\/wp-content\/uploads\/sites\/18\/2025\/10\/GPI-0128-001_PSD_White_960x233-300x73.png 300w, https:\/\/dentalaltamonte.com\/wp-content\/uploads\/sites\/18\/2025\/10\/GPI-0128-001_PSD_White_960x233-768x186.png 768w, https:\/\/dentalaltamonte.com\/wp-content\/uploads\/sites\/18\/2025\/10\/GPI-0128-001_PSD_White_960x233-18x4.png 18w, https:\/\/dentalaltamonte.com\/wp-content\/uploads\/sites\/18\/2025\/10\/GPI-0128-001_PSD_White_960x233-100x24.png 100w\" decoding=\"async\" src=\"https:\/\/dentalaltamonte.com\/wp-content\/uploads\/sites\/18\/2025\/10\/GPI-0128-001_PSD_White_960x233.png\" width=\"450\" height=\"140\" alt=\"Palm Springs Dental Logo\" loading=\"lazy\"><\/a><\/div><\/div><\/div><\/div><div class=\"x-row x-container max width e9692-e8 m7h8-b m7h8-d m7h8-e m7h8-l m7h8-n\"><div class=\"x-row-inner\"><div class=\"x-col e9692-e9 m7h8-t m7h8-v m7h8-x m7h8-y m7h8-z m7h8-10\"><div class=\"x-text x-content e9692-e10 m7h8-17 m7h8-18 m7h8-1a m7h8-1c m7h8-1d m7h8-1e m7h8-1h m7h8-1i\"><h1 class=\"txt_white\">\u00bfPor qu\u00e9 elegirnos?<\/h1><\/div><\/div><\/div><\/div><\/div><div class=\"x-section e9692-e11 m7h8-0 m7h8-2 m7h8-4 m7h8-5 m7h8-6\" style=\"--tco-dc7h8-1:rgba(239, 235, 210, .2);--tco-dc7h8-4:rgba(239, 235, 210, .2);\"><div class=\"x-row x-container max width e9692-e12 m7h8-b m7h8-d m7h8-f m7h8-g m7h8-l m7h8-o\" style=\"--tco-dc7h8-7:rgb(255, 255, 255);--tco-dc7h8-a:rgb(255, 255, 255);--tco-dc7h8-d:rgb(255, 255, 255);\"><div class=\"x-row-inner\"><div class=\"x-col e9692-e13 m7h8-t m7h8-u m7h8-x m7h8-y m7h8-11 m7h8-12\"><div class=\"x-text x-content e9692-e14 m7h8-17 m7h8-18 m7h8-1h m7h8-1j m7h8-1k m7h8-1l m7h8-1m m7h8-1n m7h8-1o\"><h2>En Palm Springs Dental, hacemos todo lo posible para que se sienta como en casa.<\/h2><\/div><div class=\"x-text x-content e9692-e15 m7h8-17 m7h8-18 m7h8-19 m7h8-1j m7h8-1l m7h8-1m m7h8-1n m7h8-1o m7h8-1p\"><p class=\"pdefault\">Nuestro amable equipo dental ofrece c\u00f3modo, centrado en el paciente cuidado dental de la familia en Altamonte Springs, Florida.<\/p>\n<p class=\"pdefault\">Como uno de los dentistas mejor valorados cerca de usted en Altamonte Springs, respaldamos nuestra reputaci\u00f3n de proporcionar el mejor cuidado dental. \u00a1Vea lo que sus amigos y vecinos dicen de nosotros!<\/p><\/div><\/div><div class=\"x-col e9692-e16 m7h8-t m7h8-v m7h8-x m7h8-z m7h8-13\"><div class=\"x-bg\"><div class=\"x-bg-layer-lower-img\"><img sizes=\"(max-width: 900px) 100vw, 900px\" srcset=\"https:\/\/dentalaltamonte.com\/wp-content\/uploads\/sites\/18\/2021\/12\/master_spl_WhyChoose.jpg 900w, https:\/\/dentalaltamonte.com\/wp-content\/uploads\/sites\/18\/2021\/12\/master_spl_WhyChoose-300x300.jpg 300w, https:\/\/dentalaltamonte.com\/wp-content\/uploads\/sites\/18\/2021\/12\/master_spl_WhyChoose-150x150.jpg 150w, https:\/\/dentalaltamonte.com\/wp-content\/uploads\/sites\/18\/2021\/12\/master_spl_WhyChoose-768x768.jpg 768w, https:\/\/dentalaltamonte.com\/wp-content\/uploads\/sites\/18\/2021\/12\/master_spl_WhyChoose-12x12.jpg 12w, https:\/\/dentalaltamonte.com\/wp-content\/uploads\/sites\/18\/2021\/12\/master_spl_WhyChoose-100x100.jpg 100w\" decoding=\"async\" src=\"\/wp-content\/uploads\/2021\/12\/master_spl_WhyChoose.jpg\" alt=\"A smiling young child with curly hair is held up playfully by an adult with a beard in a bright, sunlit room. The child has arms outstretched and looks happy.\"\/><\/div><\/div><\/div><\/div><\/div><\/div><div class=\"x-section e9692-e17 m7h8-0 m7h8-2 m7h8-4 m7h8-6 m7h8-7\" style=\"--tco-dc7h8-g:rgba(239, 235, 210, .2);--tco-dc7h8-j:rgba(239, 235, 210, .2);\"><div class=\"x-row x-container max width e9692-e18 m7h8-b m7h8-d m7h8-f m7h8-h m7h8-l m7h8-p\" style=\"--tco-dc7h8-m:rgb(255, 255, 255);--tco-dc7h8-p:rgb(255, 255, 255);\"><div class=\"x-row-inner\"><div class=\"x-col e9692-e19 m7h8-t m7h8-u m7h8-x m7h8-y m7h8-11 m7h8-12 m7h8-14\"><div class=\"x-text x-content e9692-e20 m7h8-17 m7h8-18 m7h8-1a m7h8-1d m7h8-1f m7h8-1h m7h8-1k m7h8-1l m7h8-1n\"><h2>Palm Springs Dental Testimonios de Pacientes<\/h2><\/div><div class=\"x-text x-content e9692-e21 m7h8-17 m7h8-18 m7h8-19 m7h8-1d m7h8-1j m7h8-1l m7h8-1o m7h8-1p\"><p class=\"pdefault\">Dr. Derek S. Stallard, Dr. Jeff Gannon, y el Dr. David Schroeck y el personal de Palm Springs Dental encanta ayudar a nuestros pacientes con sus sonrisas. Te invitamos a leer algunos de nuestros brillantes testimonios de pacientes.<\/p>\n<p class=\"pdefault\">Su opini\u00f3n es importante para nosotros y la utilizamos para seguir ofreciendo a todos nuestros pacientes una experiencia dental de alta calidad.<\/p>\n<p class=\"pdefault\"><a href=\"https:\/\/dentalaltamonte.com\/es\/review\/\" target=\"_blank\" rel=\"noopener\">D\u00e9janos un comentario<\/a><\/p><\/div><div class=\"x-text x-content e9692-e22 m7h8-17 m7h8-1d m7h8-1j m7h8-1l m7h8-1o m7h8-1q\"><div data-src=\"https:\/\/cdn.trustindex.io\/loader.js?739b67276b6d229395500b78d5\"><\/div><\/div><\/div><\/div><\/div><\/div><div class=\"x-section e9692-e23 m7h8-0 m7h8-4 m7h8-8\" style=\"--tco-dc7h8-s:rgba(239, 235, 210, .2);--tco-dc7h8-v:rgba(239, 235, 210, .2);\"><div class=\"x-row x-container max width e9692-e24 m7h8-b m7h8-d m7h8-f m7h8-i m7h8-l m7h8-q\" style=\"--tco-dc7h8-y:rgb(255, 255, 255);--tco-dc7h8-11:rgb(255, 255, 255);\"><div class=\"x-row-inner\"><div class=\"x-col e9692-e25 m7h8-t m7h8-u m7h8-x m7h8-y m7h8-11 m7h8-12 m7h8-15\"><div class=\"x-text x-content e9692-e26 m7h8-17 m7h8-18 m7h8-1a m7h8-1d m7h8-1f m7h8-1h m7h8-1k m7h8-1l m7h8-1n\"><h3><b>Filosof\u00eda asistencial<\/b><\/h3><\/div><div class=\"x-text x-content e9692-e27 m7h8-17 m7h8-18 m7h8-19 m7h8-1a m7h8-1d m7h8-1f m7h8-1l m7h8-1n m7h8-1p\"><p><p class=\"pdefault\">En Palm Springs Dental, creemos que cada paciente es \u00fanico y merece el m\u00e1s alto nivel de atenci\u00f3n individualizada. El uso de procedimientos innovadores y t\u00e9cnicas modernas, ofrecemos un ambiente c\u00e1lido, acogedor y libre de juicio para todos. Queremos que nuestro toque suave, sin dolor enfoque para elevar su experiencia del paciente y cambiar la forma de pensar acerca de la odontolog\u00eda. Es un honor para nosotros cuidar de usted y darle la bienvenida a su nuevo hogar dental.<\/p><br \/>\n<h3><b>Valores de Palm Springs Dental<\/b><\/h3><br \/>\n<ol>\r\n<li><b>Integridad<\/b> - La transparencia, la honradez y la responsabilidad son las piedras angulares de nuestra pr\u00e1ctica. Nos comprometemos a hacer lo correcto incluso cuando nadie nos ve.<\/li>\r\n<li><b>Compasi\u00f3n<\/b> - Nuestra atenci\u00f3n se extiende a todo tipo de pacientes. Nos especializamos en la odontolog\u00eda suave, libre de ansiedad para que se sienta a gusto en un ambiente tranquilo. Nuestra prioridad en la construcci\u00f3n de relaciones asegura que cada paciente se sienta valorado y escuchado.<\/li>\r\n<li><b>Excelencia<\/b> - Nos enorgullecemos de nuestra experiencia cl\u00ednica, precisi\u00f3n y formaci\u00f3n continua en tratamientos de vanguardia. No nos conformamos con menos, y usted tampoco deber\u00eda hacerlo.<\/li>\r\n<\/ol>\r\n<\/p><\/div><\/div><\/div><\/div><div class=\"x-row x-container max width e9692-e28 m7h8-b m7h8-d m7h8-f m7h8-j m7h8-l m7h8-r\" style=\"--tco-dc7h8-14:rgb(29, 40, 88);--tco-dc7h8-17:rgb(29, 40, 88);\"><div class=\"x-row-inner\"><div class=\"x-col e9692-e29 m7h8-t m7h8-v m7h8-x m7h8-y m7h8-z m7h8-12\"><div class=\"x-text x-content e9692-e30 m7h8-17 m7h8-18 m7h8-19 m7h8-1e m7h8-1j m7h8-1l m7h8-1m m7h8-1p m7h8-1r\"><h3 class=\"txt_white\">Valores honestos. Atenci\u00f3n compasiva. Excelentes resultados.<\/h3><\/div><\/div><\/div><\/div><\/div><div class=\"x-section e9692-e31 m7h8-0 m7h8-1 m7h8-2 m7h8-9\"><div class=\"x-row e9692-e32 m7h8-b m7h8-k m7h8-l m7h8-s\"><div class=\"x-row-inner\"><div class=\"x-col e9692-e33 m7h8-x m7h8-y\"><div class=\"cs-content x-global-block x-global-block-9703 e9703-e0\"><div class=\"x-section e9703-e2 m7hj-0\" style=\"--tco-dc7hj-1:rgb(255, 255, 255);--tco-dc7hj-4:rgb(255, 255, 255);\"><div class=\"x-row x-container max width e9703-e3 m7hj-1 m7hj-2 m7hj-3\"><div class=\"x-row-inner\"><div class=\"x-col e9703-e4 m7hj-5 m7hj-6 m7hj-7\"><div class=\"x-text x-content e9703-e5 m7hj-a m7hj-b\"><h2>Opciones de pago flexibles<\/h2>\n<h3>Para una atenci\u00f3n dental de alta calidad en Altamonte Springs<\/h3><\/div><div class=\"x-text x-content e9703-e6 m7hj-a m7hj-c\"><p class=\"pdefault\">Para su comodidad, Palm Springs Dental acepta:<\/p>\n\n<ul>\n \t<li class=\"pdefault\">Una amplia gama de planes de seguro dental PPO -<span>\u00a0<\/span><a href=\"\/es\/insurances-we-accept\/\" target=\"_self\"><b>pulse aqu\u00ed<\/b> para ver qu\u00e9 seguros aceptamos<\/a><\/li>\n \t<li class=\"pdefault\">Plan interno de descuentos y ofertas especiales para pacientes sin seguro m\u00e9dico<\/li>\n \t<li class=\"pdefault\">Efectivo y cheque<\/li>\n \t<li class=\"pdefault\">Todas las principales tarjetas de cr\u00e9dito, incluidas MasterCard, VISA, Discover, American Express, etc.<\/li>\n<\/ul>\n<p class=\"pdefault\"><b>NO aceptamos planes HMO ni Medicaid.<\/b><\/p><\/div><\/div><div class=\"x-col e9703-e7 m7hj-5 m7hj-8 m7hj-9\"><a class=\"x-image e9703-e8 m7hj-e\" href=\"https:\/\/apply.sunbit.com\/PalmSpringsDental\" target=\"_blank\" rel=\"noopener noreferrer\"><img sizes=\"(max-width: 600px) 100vw, 600px\" srcset=\"https:\/\/dentalaltamonte.com\/wp-content\/uploads\/sites\/18\/2025\/11\/Dntl_Web_600x500-1.png 600w, https:\/\/dentalaltamonte.com\/wp-content\/uploads\/sites\/18\/2025\/11\/Dntl_Web_600x500-1-300x250.png 300w, https:\/\/dentalaltamonte.com\/wp-content\/uploads\/sites\/18\/2025\/11\/Dntl_Web_600x500-1-14x12.png 14w, https:\/\/dentalaltamonte.com\/wp-content\/uploads\/sites\/18\/2025\/11\/Dntl_Web_600x500-1-100x83.png 100w\" decoding=\"async\" src=\"https:\/\/dentalaltamonte.com\/wp-content\/uploads\/sites\/18\/2025\/11\/Dntl_Web_600x500-1.png\" width=\"300\" height=\"250\" alt=\"Smile now, Pay-over-time with sunbit\"><\/a><\/div><\/div><\/div><\/div><\/div><\/div><\/div><\/div><\/div><\/div>","protected":false},"excerpt":{"rendered":"<p>Dentista con experiencia, altamente revisado para todas las necesidades en Altamonte Springs, FL. Cont\u00e1ctenos al 407-831-3959.<\/p>","protected":false},"author":2,"featured_media":0,"parent":0,"menu_order":0,"comment_status":"closed","ping_status":"closed","template":"template-blank-4.php","meta":{"footnotes":""},"class_list":["post-9692","page","type-page","status-publish","hentry","no-post-thumbnail"],"aioseo_notices":[],"aioseo_head":"\n\t\t<!-- All in One SEO Pro 4.9.5.1 - aioseo.com -->\n\t<meta name=\"description\" content=\"Experienced, highly-reviewed dentist for all needs in Altamonte Springs, FL. Contact us at 407-831-3959.\" \/>\n\t<meta name=\"robots\" content=\"max-image-preview:large\" \/>\n\t<meta name=\"google-site-verification\" content=\"google-site-verification=cn5k1mSa2XbohbB7PwVR_4R5huLeoSRIxvlBW_BCceE\" \/>\n\t<link rel=\"canonical\" href=\"https:\/\/dentalaltamonte.com\/es\/why-choose-us\/\" \/>\n\t<meta name=\"generator\" content=\"All in One SEO Pro (AIOSEO) 4.9.5.1\" \/>\n\t\t<meta property=\"og:locale\" content=\"es_ES\" \/>\n\t\t<meta property=\"og:site_name\" content=\"Palm Springs Dental - Palm Springs Dental\" \/>\n\t\t<meta property=\"og:type\" content=\"article\" \/>\n\t\t<meta property=\"og:title\" content=\"Why Choose Us - Palm Springs Dental - Altamonte Springs Dentist Near You\" \/>\n\t\t<meta property=\"og:description\" content=\"Experienced, highly-reviewed dentist for all needs in Altamonte Springs, FL. Contact us at 407-831-3959.\" \/>\n\t\t<meta property=\"og:url\" content=\"https:\/\/dentalaltamonte.com\/es\/why-choose-us\/\" \/>\n\t\t<meta property=\"og:image\" content=\"https:\/\/dentalaltamonte.com\/wp-content\/uploads\/sites\/18\/2023\/11\/PSD.jpg\" \/>\n\t\t<meta property=\"og:image:secure_url\" content=\"https:\/\/dentalaltamonte.com\/wp-content\/uploads\/sites\/18\/2023\/11\/PSD.jpg\" \/>\n\t\t<meta property=\"og:image:width\" content=\"1200\" \/>\n\t\t<meta property=\"og:image:height\" content=\"630\" \/>\n\t\t<meta property=\"article:published_time\" content=\"2020-08-26T13:06:31+00:00\" \/>\n\t\t<meta property=\"article:modified_time\" content=\"2026-04-01T16:27:12+00:00\" \/>\n\t\t<meta name=\"twitter:card\" content=\"summary\" \/>\n\t\t<meta name=\"twitter:title\" content=\"Why Choose Us - Palm Springs Dental - Altamonte Springs Dentist Near You\" \/>\n\t\t<meta name=\"twitter:description\" content=\"Experienced, highly-reviewed dentist for all needs in Altamonte Springs, FL. Contact us at 407-831-3959.\" \/>\n\t\t<meta name=\"twitter:image\" content=\"https:\/\/dentalaltamonte.com\/wp-content\/uploads\/sites\/18\/2023\/11\/PSD.jpg\" \/>\n\t\t<script type=\"application\/ld+json\" class=\"aioseo-schema\">\n\t\t\t{\"@context\":\"https:\\\/\\\/schema.org\",\"@graph\":[{\"@type\":\"BreadcrumbList\",\"@id\":\"https:\\\/\\\/dentalaltamonte.com\\\/es\\\/why-choose-us\\\/#breadcrumblist\",\"itemListElement\":[{\"@type\":\"ListItem\",\"@id\":\"https:\\\/\\\/dentalaltamonte.com\\\/es#listItem\",\"position\":1,\"name\":\"Home\",\"item\":\"https:\\\/\\\/dentalaltamonte.com\\\/es\",\"nextItem\":{\"@type\":\"ListItem\",\"@id\":\"https:\\\/\\\/dentalaltamonte.com\\\/es\\\/why-choose-us\\\/#listItem\",\"name\":\"Why Choose Us\"}},{\"@type\":\"ListItem\",\"@id\":\"https:\\\/\\\/dentalaltamonte.com\\\/es\\\/why-choose-us\\\/#listItem\",\"position\":2,\"name\":\"Why Choose Us\",\"previousItem\":{\"@type\":\"ListItem\",\"@id\":\"https:\\\/\\\/dentalaltamonte.com\\\/es#listItem\",\"name\":\"Home\"}}]},{\"@type\":\"Organization\",\"@id\":\"https:\\\/\\\/dentalaltamonte.com\\\/es\\\/#organization\",\"name\":\"Palm Springs Dental\",\"description\":\"Palm Springs Dental\",\"url\":\"https:\\\/\\\/dentalaltamonte.com\\\/es\\\/\",\"email\":\"office.palmdental@gmail.com\",\"telephone\":\"+14078313959\",\"logo\":{\"@type\":\"ImageObject\",\"url\":\"http:\\\/\\\/dentalaltamonte.com\\\/wp-content\\\/uploads\\\/2019\\\/06\\\/logo.png\",\"@id\":\"https:\\\/\\\/dentalaltamonte.com\\\/es\\\/why-choose-us\\\/#organizationLogo\"},\"image\":{\"@id\":\"https:\\\/\\\/dentalaltamonte.com\\\/es\\\/why-choose-us\\\/#organizationLogo\"},\"address\":{\"@id\":\"https:\\\/\\\/dentalaltamonte.com\\\/es\\\/#postaladdress\",\"@type\":\"PostalAddress\",\"streetAddress\":\"499 E Central Parkway #200,\",\"postalCode\":\"32701\",\"addressLocality\":\"Altamonte Springs\",\"addressRegion\":\"Florida\",\"addressCountry\":\"US\"}},{\"@type\":\"WebPage\",\"@id\":\"https:\\\/\\\/dentalaltamonte.com\\\/es\\\/why-choose-us\\\/#webpage\",\"url\":\"https:\\\/\\\/dentalaltamonte.com\\\/es\\\/why-choose-us\\\/\",\"name\":\"Why Choose Us - Palm Springs Dental - Altamonte Springs Dentist Near You\",\"description\":\"Experienced, highly-reviewed dentist for all needs in Altamonte Springs, FL. Contact us at 407-831-3959.\",\"inLanguage\":\"es-ES\",\"isPartOf\":{\"@id\":\"https:\\\/\\\/dentalaltamonte.com\\\/es\\\/#website\"},\"breadcrumb\":{\"@id\":\"https:\\\/\\\/dentalaltamonte.com\\\/es\\\/why-choose-us\\\/#breadcrumblist\"},\"datePublished\":\"2020-08-26T13:06:31-04:00\",\"dateModified\":\"2026-04-01T12:27:12-04:00\"},{\"@type\":\"WebSite\",\"@id\":\"https:\\\/\\\/dentalaltamonte.com\\\/es\\\/#website\",\"url\":\"https:\\\/\\\/dentalaltamonte.com\\\/es\\\/\",\"name\":\"Palm Springs Dental\",\"description\":\"Palm Springs Dental\",\"inLanguage\":\"es-ES\",\"publisher\":{\"@id\":\"https:\\\/\\\/dentalaltamonte.com\\\/es\\\/#organization\"}}]}\n\t\t<\/script>\n\t\t<!-- All in One SEO Pro -->\r\n\t\t<title>Why Choose Us - Palm Springs Dental - Altamonte Springs Dentist Near You<\/title>\n\n","aioseo_head_json":{"title":"Por qu\u00e9 elegirnos - Palm Springs Dental - Altamonte Springs Dentista cerca de usted","description":"Dentista con experiencia, altamente revisado para todas las necesidades en Altamonte Springs, FL. Cont\u00e1ctenos al 407-831-3959.","canonical_url":"https:\/\/dentalaltamonte.com\/es\/why-choose-us\/","robots":"max-image-preview:large","keywords":"","webmasterTools":{"google-site-verification":"google-site-verification=cn5k1mSa2XbohbB7PwVR_4R5huLeoSRIxvlBW_BCceE","miscellaneous":""},"schema":{"@context":"https:\/\/schema.org","@graph":[{"@type":"BreadcrumbList","@id":"https:\/\/dentalaltamonte.com\/es\/why-choose-us\/#breadcrumblist","itemListElement":[{"@type":"ListItem","@id":"https:\/\/dentalaltamonte.com\/es#listItem","position":1,"name":"Home","item":"https:\/\/dentalaltamonte.com\/es","nextItem":{"@type":"ListItem","@id":"https:\/\/dentalaltamonte.com\/es\/why-choose-us\/#listItem","name":"Why Choose Us"}},{"@type":"ListItem","@id":"https:\/\/dentalaltamonte.com\/es\/why-choose-us\/#listItem","position":2,"name":"Why Choose Us","previousItem":{"@type":"ListItem","@id":"https:\/\/dentalaltamonte.com\/es#listItem","name":"Home"}}]},{"@type":"Organization","@id":"https:\/\/dentalaltamonte.com\/es\/#organization","name":"Palm Springs Dental","description":"Palm Springs Dental","url":"https:\/\/dentalaltamonte.com\/es\/","email":"office.palmdental@gmail.com","telephone":"+14078313959","logo":{"@type":"ImageObject","url":"http:\/\/dentalaltamonte.com\/wp-content\/uploads\/2019\/06\/logo.png","@id":"https:\/\/dentalaltamonte.com\/es\/why-choose-us\/#organizationLogo"},"image":{"@id":"https:\/\/dentalaltamonte.com\/es\/why-choose-us\/#organizationLogo"},"address":{"@id":"https:\/\/dentalaltamonte.com\/es\/#postaladdress","@type":"PostalAddress","streetAddress":"499 E Central Parkway #200,","postalCode":"32701","addressLocality":"Altamonte Springs","addressRegion":"Florida","addressCountry":"US"}},{"@type":"WebPage","@id":"https:\/\/dentalaltamonte.com\/es\/why-choose-us\/#webpage","url":"https:\/\/dentalaltamonte.com\/es\/why-choose-us\/","name":"Why Choose Us - Palm Springs Dental - Altamonte Springs Dentist Near You","description":"Experienced, highly-reviewed dentist for all needs in Altamonte Springs, FL. Contact us at 407-831-3959.","inLanguage":"es-ES","isPartOf":{"@id":"https:\/\/dentalaltamonte.com\/es\/#website"},"breadcrumb":{"@id":"https:\/\/dentalaltamonte.com\/es\/why-choose-us\/#breadcrumblist"},"datePublished":"2020-08-26T13:06:31-04:00","dateModified":"2026-04-01T12:27:12-04:00"},{"@type":"WebSite","@id":"https:\/\/dentalaltamonte.com\/es\/#website","url":"https:\/\/dentalaltamonte.com\/es\/","name":"Palm Springs Dental","description":"Palm Springs Dental","inLanguage":"es-ES","publisher":{"@id":"https:\/\/dentalaltamonte.com\/es\/#organization"}}]},"og:locale":"es_ES","og:site_name":"Palm Springs Dental - Palm Springs Dental","og:type":"article","og:title":"Why Choose Us - Palm Springs Dental - Altamonte Springs Dentist Near You","og:description":"Experienced, highly-reviewed dentist for all needs in Altamonte Springs, FL. Contact us at 407-831-3959.","og:url":"https:\/\/dentalaltamonte.com\/es\/why-choose-us\/","og:image":"https:\/\/dentalaltamonte.com\/wp-content\/uploads\/sites\/18\/2023\/11\/PSD.jpg","og:image:secure_url":"https:\/\/dentalaltamonte.com\/wp-content\/uploads\/sites\/18\/2023\/11\/PSD.jpg","og:image:width":1200,"og:image:height":630,"article:published_time":"2020-08-26T13:06:31+00:00","article:modified_time":"2026-04-01T16:27:12+00:00","twitter:card":"summary","twitter:title":"Why Choose Us - Palm Springs Dental - Altamonte Springs Dentist Near You","twitter:description":"Experienced, highly-reviewed dentist for all needs in Altamonte Springs, FL. Contact us at 407-831-3959.","twitter:image":"https:\/\/dentalaltamonte.com\/wp-content\/uploads\/sites\/18\/2023\/11\/PSD.jpg"},"aioseo_meta_data":{"post_id":"9692","title":null,"description":null,"keywords":null,"keyphrases":null,"primary_term":null,"canonical_url":null,"og_title":null,"og_description":null,"og_object_type":"default","og_image_type":"default","og_image_url":null,"og_image_width":null,"og_image_height":null,"og_image_custom_url":null,"og_image_custom_fields":null,"og_video":null,"og_custom_url":null,"og_article_section":null,"og_article_tags":null,"twitter_use_og":false,"twitter_card":"default","twitter_image_type":"default","twitter_image_url":null,"twitter_image_custom_url":null,"twitter_image_custom_fields":null,"twitter_title":null,"twitter_description":null,"schema":{"blockGraphs":[],"customGraphs":[],"default":{"data":{"Article":[],"Course":[],"Dataset":[],"FAQPage":[],"Movie":[],"Person":[],"Product":[],"ProductReview":[],"Car":[],"Recipe":[],"Service":[],"SoftwareApplication":[],"WebPage":[]},"graphName":"","isEnabled":true},"graphs":[]},"schema_type":"default","schema_type_options":null,"pillar_content":false,"robots_default":true,"robots_noindex":false,"robots_noarchive":false,"robots_nosnippet":false,"robots_nofollow":false,"robots_noimageindex":false,"robots_noodp":false,"robots_notranslate":false,"robots_max_snippet":null,"robots_max_videopreview":null,"robots_max_imagepreview":"large","priority":null,"frequency":null,"local_seo":null,"seo_analyzer_scan_date":"2026-04-01 17:27:42","breadcrumb_settings":null,"limit_modified_date":false,"reviewed_by":null,"open_ai":null,"ai":null,"created":"2023-10-18 17:08:23","updated":"2026-04-01 17:28:53"},"aioseo_breadcrumb":"<div class=\"aioseo-breadcrumbs\"><span class=\"aioseo-breadcrumb\">\n\t<a href=\"https:\/\/dentalaltamonte.com\/es\" title=\"Home\">Home<\/a>\n<\/span><span class=\"aioseo-breadcrumb-separator\">\u00bb<\/span><span class=\"aioseo-breadcrumb\">\n\tWhy Choose Us\n<\/span><\/div>","aioseo_breadcrumb_json":[{"label":"Home","link":"https:\/\/dentalaltamonte.com\/es"},{"label":"Why Choose Us","link":"https:\/\/dentalaltamonte.com\/es\/why-choose-us\/"}],"_links":{"self":[{"href":"https:\/\/dentalaltamonte.com\/es\/wp-json\/wp\/v2\/pages\/9692","targetHints":{"allow":["GET"]}}],"collection":[{"href":"https:\/\/dentalaltamonte.com\/es\/wp-json\/wp\/v2\/pages"}],"about":[{"href":"https:\/\/dentalaltamonte.com\/es\/wp-json\/wp\/v2\/types\/page"}],"author":[{"embeddable":true,"href":"https:\/\/dentalaltamonte.com\/es\/wp-json\/wp\/v2\/users\/2"}],"replies":[{"embeddable":true,"href":"https:\/\/dentalaltamonte.com\/es\/wp-json\/wp\/v2\/comments?post=9692"}],"version-history":[{"count":0,"href":"https:\/\/dentalaltamonte.com\/es\/wp-json\/wp\/v2\/pages\/9692\/revisions"}],"wp:attachment":[{"href":"https:\/\/dentalaltamonte.com\/es\/wp-json\/wp\/v2\/media?parent=9692"}],"curies":[{"name":"wp","href":"https:\/\/api.w.org\/{rel}","templated":true}]}}